{"id":15,"date":"2018-05-16T13:07:01","date_gmt":"2018-05-16T13:07:01","guid":{"rendered":"https:\/\/ciurichas.wordpress.com\/?page_id=2"},"modified":"2020-08-13T10:29:38","modified_gmt":"2020-08-13T09:29:38","slug":"contact","status":"publish","type":"page","link":"https:\/\/www.ciurichas.lt\/?page_id=15","title":{"rendered":"Kontaktai"},"content":{"rendered":"\n<div class=\"wp-block-media-text alignwide is-stacked-on-mobile\" style=\"grid-template-columns:32% auto\"><figure class=\"wp-block-media-text__media\"><a href=\"http:\/\/lietuve.lt\/kulturiniai-mainai-ciuriche-kitataucius-moko-lietuviu-kalbos-o-lietuviams-atveria-miesto-idomybes\/?v=1ee0bf89c5d1\" target=\"_blank\" rel=\"noopener noreferrer\"><img loading=\"lazy\" decoding=\"async\" width=\"700\" height=\"700\" src=\"https:\/\/www.ciurichas.lt\/wp-content\/uploads\/2020\/05\/i-port-kvad2.jpg\" alt=\"\" class=\"wp-image-554\" srcset=\"https:\/\/www.ciurichas.lt\/wp-content\/uploads\/2020\/05\/i-port-kvad2.jpg 700w, https:\/\/www.ciurichas.lt\/wp-content\/uploads\/2020\/05\/i-port-kvad2-300x300.jpg 300w, https:\/\/www.ciurichas.lt\/wp-content\/uploads\/2020\/05\/i-port-kvad2-150x150.jpg 150w, https:\/\/www.ciurichas.lt\/wp-content\/uploads\/2020\/05\/i-port-kvad2-480x480.jpg 480w\" sizes=\"auto, (max-width: 700px) 100vw, 700px\" \/><\/a><\/figure><div class=\"wp-block-media-text__content\">\n<p class=\"has-text-color has-background has-very-light-gray-color has-vivid-cyan-blue-background-color\">Br\u016bk\u0161tel\u0117k man el. pa\u0161tu <strong><a href=\"mailto:ilona@ciurichas.lt\">ilona@ciurichas.lt<\/a>,<\/strong> jei nori u\u017esisakyti ekskursij\u0105 po Ciurich\u0105 ar\/ir jo apylinkes sau ar savo sve\u010diams. D\u0117l kainos susitarsime.<\/p>\n\n\n\n<p class=\"has-text-color has-background has-vivid-cyan-blue-color has-very-light-gray-background-color\"><strong>Jei turi Facebook\u0105, prisijunk prie <a rel=\"noreferrer noopener\" href=\"https:\/\/www.facebook.com\/idomusisCiurichas\/?eid=ARDMUyofA_VZAKcIJ-IlvFU9GZPTwucG3oTsPWebhUTiMMgvLPXcBaKEvAUkM8RLBM20MGqfUksrXLMJ\" target=\"_blank\">\u012edomiojo Ciuricho grup\u0117s<\/a><\/strong><\/p>\n\n\n\n<p><\/p>\n\n\n\n<p><\/p>\n<\/div><\/div>\n\n\n\n<p><\/p>\n","protected":false},"excerpt":{"rendered":"<p>Br\u016bk\u0161tel\u0117k man el. pa\u0161tu ilona@ciurichas.lt, jei nori u\u017esisakyti ekskursij\u0105 po Ciurich\u0105 ar\/ir jo apylinkes sau ar savo sve\u010diams. D\u0117l kainos susitarsime. Jei turi Facebook\u0105, prisijunk prie \u012edomiojo Ciuricho grup\u0117s<\/p>\n","protected":false},"author":2,"featured_media":0,"parent":0,"menu_order":3,"comment_status":"closed","ping_status":"closed","template":"","meta":{"footnotes":""},"class_list":["post-15","page","type-page","status-publish","hentry"],"yoast_head":"<!-- This site is optimized with the Yoast SEO plugin v27.4 - https:\/\/yoast.com\/product\/yoast-seo-wordpress\/ -->\n<title>Kontaktai - \u012edomusis Ciurichas<\/title>\n<meta name=\"robots\" content=\"index, follow, max-snippet:-1, max-image-preview:large, max-video-preview:-1\" \/>\n<link rel=\"canonical\" href=\"https:\/\/www.ciurichas.lt\/?page_id=15\" \/>\n<meta property=\"og:locale\" content=\"lt_LT\" \/>\n<meta property=\"og:type\" content=\"article\" \/>\n<meta property=\"og:title\" content=\"Kontaktai - \u012edomusis Ciurichas\" \/>\n<meta property=\"og:description\" content=\"Br\u016bk\u0161tel\u0117k man el. pa\u0161tu ilona@ciurichas.lt, jei nori u\u017esisakyti ekskursij\u0105 po Ciurich\u0105 ar\/ir jo apylinkes sau ar savo sve\u010diams. D\u0117l kainos susitarsime. Jei turi Facebook\u0105, prisijunk prie \u012edomiojo Ciuricho grup\u0117s\" \/>\n<meta property=\"og:url\" content=\"https:\/\/www.ciurichas.lt\/?page_id=15\" \/>\n<meta property=\"og:site_name\" content=\"\u012edomusis Ciurichas\" \/>\n<meta property=\"article:modified_time\" content=\"2020-08-13T09:29:38+00:00\" \/>\n<meta property=\"og:image\" content=\"https:\/\/www.ciurichas.lt\/wp-content\/uploads\/2020\/05\/i-port-kvad2.jpg\" \/>\n<meta name=\"twitter:card\" content=\"summary_large_image\" \/>\n<script type=\"application\/ld+json\" class=\"yoast-schema-graph\">{\"@context\":\"https:\\\/\\\/schema.org\",\"@graph\":[{\"@type\":\"WebPage\",\"@id\":\"https:\\\/\\\/www.ciurichas.lt\\\/?page_id=15\",\"url\":\"https:\\\/\\\/www.ciurichas.lt\\\/?page_id=15\",\"name\":\"Kontaktai - \u012edomusis Ciurichas\",\"isPartOf\":{\"@id\":\"https:\\\/\\\/www.ciurichas.lt\\\/#website\"},\"primaryImageOfPage\":{\"@id\":\"https:\\\/\\\/www.ciurichas.lt\\\/?page_id=15#primaryimage\"},\"image\":{\"@id\":\"https:\\\/\\\/www.ciurichas.lt\\\/?page_id=15#primaryimage\"},\"thumbnailUrl\":\"https:\\\/\\\/www.ciurichas.lt\\\/wp-content\\\/uploads\\\/2020\\\/05\\\/i-port-kvad2.jpg\",\"datePublished\":\"2018-05-16T13:07:01+00:00\",\"dateModified\":\"2020-08-13T09:29:38+00:00\",\"breadcrumb\":{\"@id\":\"https:\\\/\\\/www.ciurichas.lt\\\/?page_id=15#breadcrumb\"},\"inLanguage\":\"lt-LT\",\"potentialAction\":[{\"@type\":\"ReadAction\",\"target\":[\"https:\\\/\\\/www.ciurichas.lt\\\/?page_id=15\"]}]},{\"@type\":\"ImageObject\",\"inLanguage\":\"lt-LT\",\"@id\":\"https:\\\/\\\/www.ciurichas.lt\\\/?page_id=15#primaryimage\",\"url\":\"https:\\\/\\\/www.ciurichas.lt\\\/wp-content\\\/uploads\\\/2020\\\/05\\\/i-port-kvad2.jpg\",\"contentUrl\":\"https:\\\/\\\/www.ciurichas.lt\\\/wp-content\\\/uploads\\\/2020\\\/05\\\/i-port-kvad2.jpg\",\"width\":700,\"height\":700},{\"@type\":\"BreadcrumbList\",\"@id\":\"https:\\\/\\\/www.ciurichas.lt\\\/?page_id=15#breadcrumb\",\"itemListElement\":[{\"@type\":\"ListItem\",\"position\":1,\"name\":\"Home\",\"item\":\"https:\\\/\\\/www.ciurichas.lt\\\/\"},{\"@type\":\"ListItem\",\"position\":2,\"name\":\"Kontaktai\"}]},{\"@type\":\"WebSite\",\"@id\":\"https:\\\/\\\/www.ciurichas.lt\\\/#website\",\"url\":\"https:\\\/\\\/www.ciurichas.lt\\\/\",\"name\":\"\u012edomusis Ciurichas\",\"description\":\"\",\"potentialAction\":[{\"@type\":\"SearchAction\",\"target\":{\"@type\":\"EntryPoint\",\"urlTemplate\":\"https:\\\/\\\/www.ciurichas.lt\\\/?s={search_term_string}\"},\"query-input\":{\"@type\":\"PropertyValueSpecification\",\"valueRequired\":true,\"valueName\":\"search_term_string\"}}],\"inLanguage\":\"lt-LT\"}]}<\/script>\n<!-- \/ Yoast SEO plugin. -->","yoast_head_json":{"title":"Kontaktai - \u012edomusis Ciurichas","robots":{"index":"index","follow":"follow","max-snippet":"max-snippet:-1","max-image-preview":"max-image-preview:large","max-video-preview":"max-video-preview:-1"},"canonical":"https:\/\/www.ciurichas.lt\/?page_id=15","og_locale":"lt_LT","og_type":"article","og_title":"Kontaktai - \u012edomusis Ciurichas","og_description":"Br\u016bk\u0161tel\u0117k man el. pa\u0161tu ilona@ciurichas.lt, jei nori u\u017esisakyti ekskursij\u0105 po Ciurich\u0105 ar\/ir jo apylinkes sau ar savo sve\u010diams. D\u0117l kainos susitarsime. Jei turi Facebook\u0105, prisijunk prie \u012edomiojo Ciuricho grup\u0117s","og_url":"https:\/\/www.ciurichas.lt\/?page_id=15","og_site_name":"\u012edomusis Ciurichas","article_modified_time":"2020-08-13T09:29:38+00:00","og_image":[{"url":"https:\/\/www.ciurichas.lt\/wp-content\/uploads\/2020\/05\/i-port-kvad2.jpg","type":"","width":"","height":""}],"twitter_card":"summary_large_image","schema":{"@context":"https:\/\/schema.org","@graph":[{"@type":"WebPage","@id":"https:\/\/www.ciurichas.lt\/?page_id=15","url":"https:\/\/www.ciurichas.lt\/?page_id=15","name":"Kontaktai - \u012edomusis Ciurichas","isPartOf":{"@id":"https:\/\/www.ciurichas.lt\/#website"},"primaryImageOfPage":{"@id":"https:\/\/www.ciurichas.lt\/?page_id=15#primaryimage"},"image":{"@id":"https:\/\/www.ciurichas.lt\/?page_id=15#primaryimage"},"thumbnailUrl":"https:\/\/www.ciurichas.lt\/wp-content\/uploads\/2020\/05\/i-port-kvad2.jpg","datePublished":"2018-05-16T13:07:01+00:00","dateModified":"2020-08-13T09:29:38+00:00","breadcrumb":{"@id":"https:\/\/www.ciurichas.lt\/?page_id=15#breadcrumb"},"inLanguage":"lt-LT","potentialAction":[{"@type":"ReadAction","target":["https:\/\/www.ciurichas.lt\/?page_id=15"]}]},{"@type":"ImageObject","inLanguage":"lt-LT","@id":"https:\/\/www.ciurichas.lt\/?page_id=15#primaryimage","url":"https:\/\/www.ciurichas.lt\/wp-content\/uploads\/2020\/05\/i-port-kvad2.jpg","contentUrl":"https:\/\/www.ciurichas.lt\/wp-content\/uploads\/2020\/05\/i-port-kvad2.jpg","width":700,"height":700},{"@type":"BreadcrumbList","@id":"https:\/\/www.ciurichas.lt\/?page_id=15#breadcrumb","itemListElement":[{"@type":"ListItem","position":1,"name":"Home","item":"https:\/\/www.ciurichas.lt\/"},{"@type":"ListItem","position":2,"name":"Kontaktai"}]},{"@type":"WebSite","@id":"https:\/\/www.ciurichas.lt\/#website","url":"https:\/\/www.ciurichas.lt\/","name":"\u012edomusis Ciurichas","description":"","potentialAction":[{"@type":"SearchAction","target":{"@type":"EntryPoint","urlTemplate":"https:\/\/www.ciurichas.lt\/?s={search_term_string}"},"query-input":{"@type":"PropertyValueSpecification","valueRequired":true,"valueName":"search_term_string"}}],"inLanguage":"lt-LT"}]}},"_links":{"self":[{"href":"https:\/\/www.ciurichas.lt\/index.php?rest_route=\/wp\/v2\/pages\/15","targetHints":{"allow":["GET"]}}],"collection":[{"href":"https:\/\/www.ciurichas.lt\/index.php?rest_route=\/wp\/v2\/pages"}],"about":[{"href":"https:\/\/www.ciurichas.lt\/index.php?rest_route=\/wp\/v2\/types\/page"}],"author":[{"embeddable":true,"href":"https:\/\/www.ciurichas.lt\/index.php?rest_route=\/wp\/v2\/users\/2"}],"replies":[{"embeddable":true,"href":"https:\/\/www.ciurichas.lt\/index.php?rest_route=%2Fwp%2Fv2%2Fcomments&post=15"}],"version-history":[{"count":15,"href":"https:\/\/www.ciurichas.lt\/index.php?rest_route=\/wp\/v2\/pages\/15\/revisions"}],"predecessor-version":[{"id":598,"href":"https:\/\/www.ciurichas.lt\/index.php?rest_route=\/wp\/v2\/pages\/15\/revisions\/598"}],"wp:attachment":[{"href":"https:\/\/www.ciurichas.lt\/index.php?rest_route=%2Fwp%2Fv2%2Fmedia&parent=15"}],"curies":[{"name":"wp","href":"https:\/\/api.w.org\/{rel}","templated":true}]}}